{"id":11,"date":"2023-06-08T14:12:25","date_gmt":"2023-06-08T12:12:25","guid":{"rendered":"http:\/\/lechi.ovh\/?page_id=11"},"modified":"2024-11-15T16:23:52","modified_gmt":"2024-11-15T15:23:52","slug":"accueil","status":"publish","type":"page","link":"https:\/\/lechi.ovh\/","title":{"rendered":"Accueil"},"content":{"rendered":"\n<div class=\"wp-block-columns is-layout-flex wp-container-core-columns-is-layout-9d6595d7 wp-block-columns-is-layout-flex\">\n<div class=\"wp-block-column is-layout-flow wp-block-column-is-layout-flow\">\n<figure class=\"wp-block-image size-large\"><img loading=\"lazy\" decoding=\"async\" width=\"782\" height=\"1024\" src=\"https:\/\/lechi.ovh\/wp-content\/uploads\/2023\/06\/20230617_171053-782x1024.jpg\" alt=\"\" class=\"wp-image-295\" srcset=\"https:\/\/lechi.ovh\/wp-content\/uploads\/2023\/06\/20230617_171053-782x1024.jpg 782w, https:\/\/lechi.ovh\/wp-content\/uploads\/2023\/06\/20230617_171053-229x300.jpg 229w, https:\/\/lechi.ovh\/wp-content\/uploads\/2023\/06\/20230617_171053-768x1006.jpg 768w, https:\/\/lechi.ovh\/wp-content\/uploads\/2023\/06\/20230617_171053.jpg 1151w\" sizes=\"auto, (max-width: 782px) 100vw, 782px\" \/><\/figure>\n<\/div>\n\n\n\n<div class=\"wp-block-column is-layout-flow wp-block-column-is-layout-flow\">\n<\/p>\n<p><strong>Club cr\u00e9\u00e9 en 2008 par<\/strong><\/p>\n<p><strong>Robert PICHEREAU<\/strong><\/p>\n<\/p>\n\n\n\n<p><\/p>\n\n\n\n<h1 class=\"wp-block-heading\"><\/h1>\n<\/div>\n<\/div>\n\n\n\n<h1 class=\"wp-block-heading\"><mark style=\"background-color:rgba(0, 0, 0, 0)\" class=\"has-inline-color has-vivid-red-color\">Tai Chi Chuan\u00a0(\u592a \u6781 \u62f3)<\/mark>\u00a0\u00a0<\/h1>\n\n\n\n<h1 class=\"wp-block-heading\"><mark style=\"background-color:rgba(0, 0, 0, 0)\" class=\"has-inline-color has-vivid-red-color\">Style YANG<\/mark><\/h1>\n\n\n\n<h2 class=\"wp-block-heading\"><\/h2>\n\n\n<p>Pr\u00e9sident,\u00a0 \u00a0Alain LE FORESTIER<\/p>\n<p>Tr\u00e9sorier,\u00a0 \u00a0Jean Pierre CAVAGNINI<\/p>\n<p>Enseignante,\u00a0 \u00a0Cathy LE FORESTIER\u00a0 02 54 42 22 04<\/p>\n<p>Email\u00a0 \u00a0ladanseduchi@lechi.ovh<\/p>\n<p>Site\u00a0 \u00a0lechi.ovh<\/p>\n<p><span style=\"color: #000080;\">Association (Tai Chi Chuan) Loi 1901 cr\u00e9\u00e9e en 2008 par Robert PICHEREAU Enregistr\u00e9e au R\u00e9pertoire National des Associations sous le num\u00e9ro W411002643 Si\u00e8ge social : Chez Monsieur Jean-Pierre Cavagnini 359, Route de la Garde &#8211; Le Clos Dit &#8211; 41230 Gy-en-Sologne<\/span><\/p>\n<h1 style=\"text-align: center;\">\u00a0<\/h1>\n<p style=\"text-align: center;\">\u00a0<\/p>\n\n\n<p><\/p>\n","protected":false},"excerpt":{"rendered":"<p>Club cr\u00e9\u00e9 en 2008 par Robert PICHEREAU Tai Chi Chuan\u00a0(\u592a \u6781 \u62f3)\u00a0\u00a0 Style YANG Pr\u00e9sident,\u00a0 &hellip; <\/p>\n","protected":false},"author":1,"featured_media":0,"parent":0,"menu_order":0,"comment_status":"closed","ping_status":"closed","template":"","meta":{"footnotes":""},"class_list":["post-11","page","type-page","status-publish","hentry","latest_post"],"_links":{"self":[{"href":"https:\/\/lechi.ovh\/index.php\/wp-json\/wp\/v2\/pages\/11","targetHints":{"allow":["GET"]}}],"collection":[{"href":"https:\/\/lechi.ovh\/index.php\/wp-json\/wp\/v2\/pages"}],"about":[{"href":"https:\/\/lechi.ovh\/index.php\/wp-json\/wp\/v2\/types\/page"}],"author":[{"embeddable":true,"href":"https:\/\/lechi.ovh\/index.php\/wp-json\/wp\/v2\/users\/1"}],"replies":[{"embeddable":true,"href":"https:\/\/lechi.ovh\/index.php\/wp-json\/wp\/v2\/comments?post=11"}],"version-history":[{"count":44,"href":"https:\/\/lechi.ovh\/index.php\/wp-json\/wp\/v2\/pages\/11\/revisions"}],"predecessor-version":[{"id":518,"href":"https:\/\/lechi.ovh\/index.php\/wp-json\/wp\/v2\/pages\/11\/revisions\/518"}],"wp:attachment":[{"href":"https:\/\/lechi.ovh\/index.php\/wp-json\/wp\/v2\/media?parent=11"}],"curies":[{"name":"wp","href":"https:\/\/api.w.org\/{rel}","templated":true}]}}