{"id":14,"date":"2023-06-08T14:12:25","date_gmt":"2023-06-08T12:12:25","guid":{"rendered":"http:\/\/lechi.ovh\/?page_id=14"},"modified":"2024-11-15T16:33:53","modified_gmt":"2024-11-15T15:33:53","slug":"contact","status":"publish","type":"page","link":"https:\/\/lechi.ovh\/index.php\/contact\/","title":{"rendered":"Contact"},"content":{"rendered":"\n<h2 class=\"wp-block-heading\"><\/h2>\n\n\n\n<figure class=\"wp-block-image size-full\"><img loading=\"lazy\" decoding=\"async\" width=\"260\" height=\"194\" src=\"https:\/\/lechi.ovh\/wp-content\/uploads\/2023\/06\/salut-2.jpg\" alt=\"\" class=\"wp-image-88\"\/><\/figure>\n\n\n<p>Enseignante,<\/p>\n<p><strong><span style=\"color: #000080;\">Cathy LE FORESTIER\u00a0 \u00a0 02 54 42 22 04<\/span><\/strong><\/p>\n<p>Email\u00a0 \u00a0 \u00a0ladanseduchi@lechi.ovh<\/p>\n<p><span style=\"color: #800080;\">Association Loi 1901 Enregistr\u00e9e au R\u00e9pertoire National des Associations sous le num\u00e9ro W411002643\u00a0<\/span><\/p>\n\n\n<p><\/p>\n","protected":false},"excerpt":{"rendered":"<p>Enseignante, Cathy LE FORESTIER\u00a0 \u00a0 02 54 42 22 04 Email\u00a0 \u00a0 \u00a0ladanseduchi@lechi.ovh Association Loi &hellip; <\/p>\n","protected":false},"author":1,"featured_media":0,"parent":0,"menu_order":0,"comment_status":"closed","ping_status":"closed","template":"","meta":{"footnotes":""},"class_list":["post-14","page","type-page","status-publish","hentry","latest_post"],"_links":{"self":[{"href":"https:\/\/lechi.ovh\/index.php\/wp-json\/wp\/v2\/pages\/14","targetHints":{"allow":["GET"]}}],"collection":[{"href":"https:\/\/lechi.ovh\/index.php\/wp-json\/wp\/v2\/pages"}],"about":[{"href":"https:\/\/lechi.ovh\/index.php\/wp-json\/wp\/v2\/types\/page"}],"author":[{"embeddable":true,"href":"https:\/\/lechi.ovh\/index.php\/wp-json\/wp\/v2\/users\/1"}],"replies":[{"embeddable":true,"href":"https:\/\/lechi.ovh\/index.php\/wp-json\/wp\/v2\/comments?post=14"}],"version-history":[{"count":10,"href":"https:\/\/lechi.ovh\/index.php\/wp-json\/wp\/v2\/pages\/14\/revisions"}],"predecessor-version":[{"id":523,"href":"https:\/\/lechi.ovh\/index.php\/wp-json\/wp\/v2\/pages\/14\/revisions\/523"}],"wp:attachment":[{"href":"https:\/\/lechi.ovh\/index.php\/wp-json\/wp\/v2\/media?parent=14"}],"curies":[{"name":"wp","href":"https:\/\/api.w.org\/{rel}","templated":true}]}}